{"id":278,"date":"2019-01-14T16:48:29","date_gmt":"2019-01-14T16:48:29","guid":{"rendered":"https:\/\/www.originalycreativo.es\/blog\/?page_id=278"},"modified":"2019-05-27T19:24:20","modified_gmt":"2019-05-27T19:24:20","slug":"encendedor-personalizado","status":"publish","type":"page","link":"https:\/\/www.originalycreativo.es\/blog\/encendedor-personalizado\/","title":{"rendered":"Zippos"},"content":{"rendered":"<p>[et_pb_section fb_built=\u00bb1&#8243; admin_label=\u00bbencabezado\u00bb _builder_version=\u00bb3.18.7&#8243; background_image=\u00bbhttps:\/\/www.originalycreativo.es\/blog\/wp-content\/uploads\/2019\/01\/colo_2048x2048.png\u00bb custom_padding=\u00bb57px|0px|0|0px|false|false\u00bb animation_style=\u00bbfade\u00bb][et_pb_row make_fullwidth=\u00bbon\u00bb custom_padding=\u00bb30px|0px|57px|0px|false|false\u00bb _builder_version=\u00bb3.18.7&#8243;][et_pb_column type=\u00bb4_4&#8243; _builder_version=\u00bb3.18.7&#8243; parallax=\u00bboff\u00bb parallax_method=\u00bbon\u00bb][et_pb_text _builder_version=\u00bb3.18.7&#8243; text_font=\u00bb||||||||\u00bb text_text_shadow_style=\u00bbpreset3&#8243; text_text_shadow_color=\u00bb#6b6b6b\u00bb inline_fonts=\u00bbTimes New Roman\u00bb]<\/p>\n<h1 style=\"text-align: center;\">Encendedor personalizado.<\/h1>\n<p style=\"text-align: center;\"><span style=\"color: #ffffff; font-family: Times New Roman;\">Consigue un encendedor personalizado \u00fanico y personal, totalmente a tu gusto.<\/span><\/p>\n<p style=\"text-align: center;\"><span style=\"color: #ffffff; font-family: Times New Roman;\">Escoge entre nuestros dise\u00f1os o crea el tuyo propio.<\/span><\/p>\n<p>[\/et_pb_text][\/et_pb_column][\/et_pb_row][\/et_pb_section][et_pb_section fb_built=\u00bb1&#8243; admin_label=\u00bbDeslizador doble\u00bb _builder_version=\u00bb3.18.7&#8243; custom_padding=\u00bb0|0px|54px|0px|false|false\u00bb][et_pb_row custom_padding=\u00bb25px|0|0|0px|false|false\u00bb _builder_version=\u00bb3.18.7&#8243;][et_pb_column type=\u00bb4_4&#8243; _builder_version=\u00bb3.18.7&#8243; parallax=\u00bboff\u00bb parallax_method=\u00bbon\u00bb][et_pb_slider show_image_video_mobile=\u00bbon\u00bb _builder_version=\u00bb3.18.7&#8243; header_font=\u00bb||||||||\u00bb background_image=\u00bbhttps:\/\/www.originalycreativo.es\/blog\/wp-content\/uploads\/2019\/01\/banner-zippo.jpg\u00bb][et_pb_slide heading=\u00bbGran colecci\u00f3n\u00bb button_text=\u00bb+ Modelos\u00bb button_link=\u00bbhttps:\/\/www.originalycreativo.es\/46-zippos-personalizados\u00bb url_new_window=\u00bbon\u00bb image=\u00bbhttps:\/\/www.originalycreativo.es\/blog\/wp-content\/uploads\/2019\/01\/zippos-cartel-Copiar.jpg\u00bb _builder_version=\u00bb3.18.7&#8243; header_level=\u00bbh2&#8243; header_font=\u00bb||||||||\u00bb button_rel=\u00bboff|off|off|off|off\u00bb]<\/p>\n<p><span style=\"font-size: x-large;\">Disfruta de un encendedor personalizado a medida, con un grabado con una definici\u00f3n impactante, sin tintas y hecho por y para ti.\u00a0 <\/span><\/p>\n<p><span style=\"font-size: x-large;\">\u00a0<a href=\"https:\/\/www.originalycreativo.es\/46-zippos-personalizados\">Encendedores personalizados<\/a> de gasolina para siempre, elegantes y personales.<\/span><\/p>\n<p>&nbsp;<\/p>\n<p>[\/et_pb_slide][et_pb_slide heading=\u00bbA\u00f1ade tu foto\u00bb button_text=\u00bb+ Modelos\u00bb image=\u00bbhttps:\/\/www.originalycreativo.es\/blog\/wp-content\/uploads\/2019\/01\/encendedor-personalizado-con-foto.jpg\u00bb _builder_version=\u00bb3.18.7&#8243; link_option_url=\u00bbhttps:\/\/www.originalycreativo.es\/articulos-originales-personalizados-para-casa\/mechero-encendedor-zippo-personalizado-con-foto-y-texto-94.html\u00bb link_option_url_new_window=\u00bbon\u00bb]<\/p>\n<p><span style=\"font-size: x-large;\">Escoge tu mejor foto para crear un encendedor completamente personal.<\/span><\/p>\n<p>&nbsp;<\/p>\n<p><span style=\"font-size: x-large;\">El regalo m\u00e1s vendido para el d\u00eda del padre, o para el aniversario de un buen amigo.<\/span><\/p>\n<p>&nbsp;<\/p>\n<p><span style=\"font-size: x-large;\">No somos partidarios de fumar, pero si lo vas a hacer&#8230; que sea con un encendedor tipo Zippo.<\/span><\/p>\n<p>[\/et_pb_slide][\/et_pb_slider][\/et_pb_column][\/et_pb_row][\/et_pb_section][et_pb_section fb_built=\u00bb1&#8243; fullwidth=\u00bbon\u00bb admin_label=\u00bbOfertas\u00bb _builder_version=\u00bb3.18.7&#8243; custom_padding=\u00bb0|0px|0|0px|false|false\u00bb][et_pb_fullwidth_slider _builder_version=\u00bb3.18.7&#8243; header_font=\u00bb||||||||\u00bb header_text_color=\u00bb#353535&#8243; body_font=\u00bb||||||||\u00bb body_line_height=\u00bb1.4em\u00bb background_color=\u00bb#bababa\u00bb background_image=\u00bbhttps:\/\/www.originalycreativo.es\/blog\/wp-content\/uploads\/2019\/01\/regalos-personalizados-con-foto.jpg\u00bb custom_button=\u00bbon\u00bb button_text_color=\u00bb#000000&#8243; button_font=\u00bb||||||||\u00bb][et_pb_slide heading=\u00bbOfertas por cantidad\u00bb button_text=\u00bbCont\u00e1ctanos\u00bb button_link=\u00bbhttps:\/\/www.originalycreativo.es\/contactanos\u00bb _builder_version=\u00bb3.18.7&#8243;]<\/p>\n<p><span style=\"color: #000000;\">Si quieres hacer un pedido de 10 o m\u00e1s unidades puedes contactar con nosotros, seguro podremos adaptar el precio para que consigas dar un regalo de gran calidad. Ideal para bodas, empresas, estancos&#8230;<br \/> <\/span><\/p>\n<p>[\/et_pb_slide][\/et_pb_fullwidth_slider][\/et_pb_section][et_pb_section fb_built=\u00bb1&#8243; admin_label=\u00bbGaler\u00eda\u00bb _builder_version=\u00bb3.18.7&#8243;][et_pb_row custom_padding=\u00bb30px|0|30px|0px|false|false\u00bb _builder_version=\u00bb3.18.7&#8243;][et_pb_column type=\u00bb4_4&#8243; _builder_version=\u00bb3.18.7&#8243; parallax=\u00bboff\u00bb parallax_method=\u00bbon\u00bb][et_pb_gallery gallery_ids=\u00bb310,311,312,313,314,315,319,320,321,323&#8243; posts_number=\u00bb8&#8243; _builder_version=\u00bb3.18.7&#8243;][\/et_pb_gallery][\/et_pb_column][\/et_pb_row][\/et_pb_section][et_pb_section fb_built=\u00bb1&#8243; fullwidth=\u00bbon\u00bb _builder_version=\u00bb3.18.7&#8243;][et_pb_fullwidth_image src=\u00bbhttps:\/\/www.originalycreativo.es\/blog\/wp-content\/uploads\/2019\/01\/Leaf2CollectionBanner.jpg\u00bb _builder_version=\u00bb3.18.7&#8243;][\/et_pb_fullwidth_image][\/et_pb_section][et_pb_section fb_built=\u00bb1&#8243; admin_label=\u00bbpasi\u00f3n por nuestro trabajo\u00bb _builder_version=\u00bb3.18.7&#8243;][et_pb_row _builder_version=\u00bb3.18.7&#8243; box_shadow_style=\u00bbpreset3&#8243; box_shadow_blur=\u00bb55px\u00bb box_shadow_spread=\u00bb15px\u00bb animation_style=\u00bbflip\u00bb][et_pb_column type=\u00bb4_4&#8243; _builder_version=\u00bb3.18.7&#8243; parallax=\u00bboff\u00bb parallax_method=\u00bbon\u00bb][et_pb_text _builder_version=\u00bb3.18.7&#8243; inline_fonts=\u00bbTimes New Roman\u00bb]<\/p>\n<h2 style=\"text-align: center;\"><span style=\"font-family: inherit; font-weight: normal;\">Pasi\u00f3n por nuestro trabajo<\/span><\/h2>\n<p style=\"text-align: center;\">Tratamos cada imagen, cada art\u00edculo con la mayor profesionalidad, delicadeza posible, somos conscientes del valor sentimental y la importancia que tienen los productos que vendemos, y por eso queremos ser parte importante de cada regalo.<\/p>\n<p>[\/et_pb_text][\/et_pb_column][\/et_pb_row][\/et_pb_section][et_pb_section fb_built=\u00bb1&#8243; _builder_version=\u00bb3.18.7&#8243;][et_pb_row _builder_version=\u00bb3.18.7&#8243;][et_pb_column type=\u00bb2_5&#8243; _builder_version=\u00bb3.18.7&#8243; parallax=\u00bboff\u00bb parallax_method=\u00bbon\u00bb][et_pb_text _builder_version=\u00bb3.18.7&#8243;]<\/p>\n<p style=\"text-align: center;\"><strong>Secci\u00f3n de Publicidad:<\/strong><\/p>\n<p>&nbsp;<\/p>\n<p style=\"text-align: center;\"><span style=\"color: #e09900;\"><strong><a href=\"https:\/\/www.funnybooth.es\/\" style=\"color: #e09900;\">FunnyBooth.es<\/a><\/strong><\/span> fotomat\u00f3n para bodas y eventos, ahora con nuevo servicio de video y chorma key con fondo digital.<\/p>\n<p style=\"text-align: center;\"><a href=\"https:\/\/www.funnybooth.es\/\">Vis\u00edtanos<\/a>.<\/p>\n<p>[\/et_pb_text][\/et_pb_column][et_pb_column type=\u00bb3_5&#8243; _builder_version=\u00bb3.18.7&#8243; parallax=\u00bboff\u00bb parallax_method=\u00bbon\u00bb][et_pb_video src=\u00bbhttps:\/\/www.originalycreativo.es\/blog\/wp-content\/uploads\/2019\/01\/My-Movie.mp4&#8243; _builder_version=\u00bb3.18.7&#8243;][\/et_pb_video][\/et_pb_column][\/et_pb_row][et_pb_row make_fullwidth=\u00bbon\u00bb use_custom_gutter=\u00bbon\u00bb gutter_width=\u00bb1&#8243; custom_padding=\u00bb0px|0px|0px|0px|false|false\u00bb padding_top_1=\u00bb0px\u00bb padding_bottom_1=\u00bb0px\u00bb padding_left_1=\u00bb0px\u00bb _builder_version=\u00bb3.18.7&#8243;][et_pb_column type=\u00bb4_4&#8243; _builder_version=\u00bb3.18.7&#8243; padding_bottom=\u00bb0px\u00bb padding_left=\u00bb0px\u00bb padding_top=\u00bb0px\u00bb parallax=\u00bboff\u00bb parallax_method=\u00bbon\u00bb][et_pb_slider _builder_version=\u00bb3.18.7&#8243; body_font=\u00bb||||||||\u00bb custom_button=\u00bbon\u00bb button_font=\u00bbGeorgia||||||||\u00bb button_text_shadow_style=\u00bbpreset3&#8243; button_text_shadow_blur_strength=\u00bb0.15em\u00bb button_text_shadow_color=\u00bb#000000&#8243;][et_pb_slide heading=\u00bbVisita nuestra tienda online\u00bb button_text=\u00bboriginalycreativo.es\u00bb button_link=\u00bbhttps:\/\/www.originalycreativo.es\/\u00bb url_new_window=\u00bbon\u00bb _builder_version=\u00bb3.18.7&#8243; header_font=\u00bb||||||||\u00bb header_text_color=\u00bb#ffffff\u00bb body_font=\u00bbTimes New Roman||||||||\u00bb background_image=\u00bbhttps:\/\/www.originalycreativo.es\/blog\/wp-content\/uploads\/2019\/01\/chromelighters-banner_2048x2048_2d19aa4b-eb64-43e4-93f1-848463d48656_1024x1024.jpg\u00bb text_shadow_style=\u00bbpreset3&#8243; text_shadow_blur_strength=\u00bb0.32em\u00bb text_shadow_color=\u00bb#000000&#8243;]<\/p>\n<p>Tu tienda de regalos personalizados de confianza<\/p>\n<p>[\/et_pb_slide][\/et_pb_slider][\/et_pb_column][\/et_pb_row][\/et_pb_section]<\/p>\n","protected":false},"excerpt":{"rendered":"<p>[et_pb_section fb_built=\u00bb1&#8243; admin_label=\u00bbencabezado\u00bb _builder_version=\u00bb3.18.7&#8243; background_image=\u00bbhttps:\/\/www.originalycreativo.es\/blog\/wp-content\/uploads\/2019\/01\/colo_2048x2048.png\u00bb custom_padding=\u00bb57px|0px|0|0px|false|false\u00bb animation_style=\u00bbfade\u00bb][et_pb_row make_fullwidth=\u00bbon\u00bb custom_padding=\u00bb30px|0px|57px|0px|false|false\u00bb _builder_version=\u00bb3.18.7&#8243;][et_pb_column type=\u00bb4_4&#8243; _builder_version=\u00bb3.18.7&#8243; parallax=\u00bboff\u00bb parallax_method=\u00bbon\u00bb][et_pb_text _builder_version=\u00bb3.18.7&#8243; text_font=\u00bb||||||||\u00bb text_text_shadow_style=\u00bbpreset3&#8243; text_text_shadow_color=\u00bb#6b6b6b\u00bb inline_fonts=\u00bbTimes New Roman\u00bb] Encendedor personalizado. Consigue un encendedor personalizado \u00fanico y personal, totalmente a tu gusto. Escoge entre nuestros dise\u00f1os o crea el tuyo propio. [\/et_pb_text][\/et_pb_column][\/et_pb_row][\/et_pb_section][et_pb_section fb_built=\u00bb1&#8243; admin_label=\u00bbDeslizador doble\u00bb _builder_version=\u00bb3.18.7&#8243; custom_padding=\u00bb0|0px|54px|0px|false|false\u00bb][et_pb_row custom_padding=\u00bb25px|0|0|0px|false|false\u00bb _builder_version=\u00bb3.18.7&#8243;][et_pb_column type=\u00bb4_4&#8243; _builder_version=\u00bb3.18.7&#8243; parallax=\u00bboff\u00bb parallax_method=\u00bbon\u00bb][et_pb_slider [&hellip;]<\/p>\n","protected":false},"author":1,"featured_media":329,"parent":0,"menu_order":0,"comment_status":"closed","ping_status":"closed","template":"","meta":{"_et_pb_use_builder":"on","_et_pb_old_content":"","footnotes":""},"class_list":["post-278","page","type-page","status-publish","has-post-thumbnail","hentry"],"yoast_head":"<!-- This site is optimized with the Yoast SEO plugin v24.5 - https:\/\/yoast.com\/wordpress\/plugins\/seo\/ -->\n<title>Encendedor personalizado con foto. El mejor regalo para un fumador.<\/title>\n<meta name=\"description\" content=\"Encendedor personalizado con foto y texto. El mejor regalo para un buen amigo, para el d\u00eda del padre, a\u00f1ade una foto personal y crea un zippo \u00fanico.\" \/>\n<meta name=\"robots\" content=\"index, follow, max-snippet:-1, max-image-preview:large, max-video-preview:-1\" \/>\n<link rel=\"canonical\" href=\"https:\/\/www.originalycreativo.es\/blog\/encendedor-personalizado\/\" \/>\n<meta property=\"og:locale\" content=\"es_ES\" \/>\n<meta property=\"og:type\" content=\"article\" \/>\n<meta property=\"og:title\" content=\"Encendedor personalizado con foto. El mejor regalo para un fumador.\" \/>\n<meta property=\"og:description\" content=\"Encendedor personalizado con foto y texto. El mejor regalo para un buen amigo, para el d\u00eda del padre, a\u00f1ade una foto personal y crea un zippo \u00fanico.\" \/>\n<meta property=\"og:url\" content=\"https:\/\/www.originalycreativo.es\/blog\/encendedor-personalizado\/\" \/>\n<meta property=\"og:site_name\" content=\"Original y creativo - Tienda de Regalos Personalizados con foto\" \/>\n<meta property=\"article:modified_time\" content=\"2019-05-27T19:24:20+00:00\" \/>\n<meta property=\"og:image\" content=\"https:\/\/www.originalycreativo.es\/blog\/wp-content\/uploads\/2019\/01\/zippos-cartel-Copiar-Copiar.jpg\" \/>\n\t<meta property=\"og:image:width\" content=\"640\" \/>\n\t<meta property=\"og:image:height\" content=\"425\" \/>\n\t<meta property=\"og:image:type\" content=\"image\/jpeg\" \/>\n<meta name=\"twitter:card\" content=\"summary_large_image\" \/>\n<meta name=\"twitter:label1\" content=\"Est. reading time\" \/>\n\t<meta name=\"twitter:data1\" content=\"5 minutos\" \/>\n<script type=\"application\/ld+json\" class=\"yoast-schema-graph\">{\"@context\":\"https:\/\/schema.org\",\"@graph\":[{\"@type\":\"WebPage\",\"@id\":\"https:\/\/www.originalycreativo.es\/blog\/encendedor-personalizado\/\",\"url\":\"https:\/\/www.originalycreativo.es\/blog\/encendedor-personalizado\/\",\"name\":\"Encendedor personalizado con foto. El mejor regalo para un fumador.\",\"isPartOf\":{\"@id\":\"https:\/\/www.originalycreativo.es\/blog\/#website\"},\"primaryImageOfPage\":{\"@id\":\"https:\/\/www.originalycreativo.es\/blog\/encendedor-personalizado\/#primaryimage\"},\"image\":{\"@id\":\"https:\/\/www.originalycreativo.es\/blog\/encendedor-personalizado\/#primaryimage\"},\"thumbnailUrl\":\"https:\/\/www.originalycreativo.es\/blog\/wp-content\/uploads\/2019\/01\/zippos-cartel-Copiar-Copiar.jpg\",\"datePublished\":\"2019-01-14T16:48:29+00:00\",\"dateModified\":\"2019-05-27T19:24:20+00:00\",\"description\":\"Encendedor personalizado con foto y texto. El mejor regalo para un buen amigo, para el d\u00eda del padre, a\u00f1ade una foto personal y crea un zippo \u00fanico.\",\"breadcrumb\":{\"@id\":\"https:\/\/www.originalycreativo.es\/blog\/encendedor-personalizado\/#breadcrumb\"},\"inLanguage\":\"es\",\"potentialAction\":[{\"@type\":\"ReadAction\",\"target\":[\"https:\/\/www.originalycreativo.es\/blog\/encendedor-personalizado\/\"]}]},{\"@type\":\"ImageObject\",\"inLanguage\":\"es\",\"@id\":\"https:\/\/www.originalycreativo.es\/blog\/encendedor-personalizado\/#primaryimage\",\"url\":\"https:\/\/www.originalycreativo.es\/blog\/wp-content\/uploads\/2019\/01\/zippos-cartel-Copiar-Copiar.jpg\",\"contentUrl\":\"https:\/\/www.originalycreativo.es\/blog\/wp-content\/uploads\/2019\/01\/zippos-cartel-Copiar-Copiar.jpg\",\"width\":640,\"height\":425,\"caption\":\"encendedor personalizado\"},{\"@type\":\"BreadcrumbList\",\"@id\":\"https:\/\/www.originalycreativo.es\/blog\/encendedor-personalizado\/#breadcrumb\",\"itemListElement\":[{\"@type\":\"ListItem\",\"position\":1,\"name\":\"Portada\",\"item\":\"https:\/\/www.originalycreativo.es\/blog\/\"},{\"@type\":\"ListItem\",\"position\":2,\"name\":\"Zippos\"}]},{\"@type\":\"WebSite\",\"@id\":\"https:\/\/www.originalycreativo.es\/blog\/#website\",\"url\":\"https:\/\/www.originalycreativo.es\/blog\/\",\"name\":\"Original y creativo - Tienda de Regalos Personalizados con foto\",\"description\":\"Una forma diferente de ver el regalo promocional y al detalle. OyC tu tienda de regalos.\",\"potentialAction\":[{\"@type\":\"SearchAction\",\"target\":{\"@type\":\"EntryPoint\",\"urlTemplate\":\"https:\/\/www.originalycreativo.es\/blog\/?s={search_term_string}\"},\"query-input\":{\"@type\":\"PropertyValueSpecification\",\"valueRequired\":true,\"valueName\":\"search_term_string\"}}],\"inLanguage\":\"es\"}]}<\/script>\n<!-- \/ Yoast SEO plugin. -->","yoast_head_json":{"title":"Encendedor personalizado con foto. El mejor regalo para un fumador.","description":"Encendedor personalizado con foto y texto. El mejor regalo para un buen amigo, para el d\u00eda del padre, a\u00f1ade una foto personal y crea un zippo \u00fanico.","robots":{"index":"index","follow":"follow","max-snippet":"max-snippet:-1","max-image-preview":"max-image-preview:large","max-video-preview":"max-video-preview:-1"},"canonical":"https:\/\/www.originalycreativo.es\/blog\/encendedor-personalizado\/","og_locale":"es_ES","og_type":"article","og_title":"Encendedor personalizado con foto. El mejor regalo para un fumador.","og_description":"Encendedor personalizado con foto y texto. El mejor regalo para un buen amigo, para el d\u00eda del padre, a\u00f1ade una foto personal y crea un zippo \u00fanico.","og_url":"https:\/\/www.originalycreativo.es\/blog\/encendedor-personalizado\/","og_site_name":"Original y creativo - Tienda de Regalos Personalizados con foto","article_modified_time":"2019-05-27T19:24:20+00:00","og_image":[{"width":640,"height":425,"url":"https:\/\/www.originalycreativo.es\/blog\/wp-content\/uploads\/2019\/01\/zippos-cartel-Copiar-Copiar.jpg","type":"image\/jpeg"}],"twitter_card":"summary_large_image","twitter_misc":{"Est. reading time":"5 minutos"},"schema":{"@context":"https:\/\/schema.org","@graph":[{"@type":"WebPage","@id":"https:\/\/www.originalycreativo.es\/blog\/encendedor-personalizado\/","url":"https:\/\/www.originalycreativo.es\/blog\/encendedor-personalizado\/","name":"Encendedor personalizado con foto. El mejor regalo para un fumador.","isPartOf":{"@id":"https:\/\/www.originalycreativo.es\/blog\/#website"},"primaryImageOfPage":{"@id":"https:\/\/www.originalycreativo.es\/blog\/encendedor-personalizado\/#primaryimage"},"image":{"@id":"https:\/\/www.originalycreativo.es\/blog\/encendedor-personalizado\/#primaryimage"},"thumbnailUrl":"https:\/\/www.originalycreativo.es\/blog\/wp-content\/uploads\/2019\/01\/zippos-cartel-Copiar-Copiar.jpg","datePublished":"2019-01-14T16:48:29+00:00","dateModified":"2019-05-27T19:24:20+00:00","description":"Encendedor personalizado con foto y texto. El mejor regalo para un buen amigo, para el d\u00eda del padre, a\u00f1ade una foto personal y crea un zippo \u00fanico.","breadcrumb":{"@id":"https:\/\/www.originalycreativo.es\/blog\/encendedor-personalizado\/#breadcrumb"},"inLanguage":"es","potentialAction":[{"@type":"ReadAction","target":["https:\/\/www.originalycreativo.es\/blog\/encendedor-personalizado\/"]}]},{"@type":"ImageObject","inLanguage":"es","@id":"https:\/\/www.originalycreativo.es\/blog\/encendedor-personalizado\/#primaryimage","url":"https:\/\/www.originalycreativo.es\/blog\/wp-content\/uploads\/2019\/01\/zippos-cartel-Copiar-Copiar.jpg","contentUrl":"https:\/\/www.originalycreativo.es\/blog\/wp-content\/uploads\/2019\/01\/zippos-cartel-Copiar-Copiar.jpg","width":640,"height":425,"caption":"encendedor personalizado"},{"@type":"BreadcrumbList","@id":"https:\/\/www.originalycreativo.es\/blog\/encendedor-personalizado\/#breadcrumb","itemListElement":[{"@type":"ListItem","position":1,"name":"Portada","item":"https:\/\/www.originalycreativo.es\/blog\/"},{"@type":"ListItem","position":2,"name":"Zippos"}]},{"@type":"WebSite","@id":"https:\/\/www.originalycreativo.es\/blog\/#website","url":"https:\/\/www.originalycreativo.es\/blog\/","name":"Original y creativo - Tienda de Regalos Personalizados con foto","description":"Una forma diferente de ver el regalo promocional y al detalle. OyC tu tienda de regalos.","potentialAction":[{"@type":"SearchAction","target":{"@type":"EntryPoint","urlTemplate":"https:\/\/www.originalycreativo.es\/blog\/?s={search_term_string}"},"query-input":{"@type":"PropertyValueSpecification","valueRequired":true,"valueName":"search_term_string"}}],"inLanguage":"es"}]}},"_links":{"self":[{"href":"https:\/\/www.originalycreativo.es\/blog\/wp-json\/wp\/v2\/pages\/278","targetHints":{"allow":["GET"]}}],"collection":[{"href":"https:\/\/www.originalycreativo.es\/blog\/wp-json\/wp\/v2\/pages"}],"about":[{"href":"https:\/\/www.originalycreativo.es\/blog\/wp-json\/wp\/v2\/types\/page"}],"author":[{"embeddable":true,"href":"https:\/\/www.originalycreativo.es\/blog\/wp-json\/wp\/v2\/users\/1"}],"replies":[{"embeddable":true,"href":"https:\/\/www.originalycreativo.es\/blog\/wp-json\/wp\/v2\/comments?post=278"}],"version-history":[{"count":30,"href":"https:\/\/www.originalycreativo.es\/blog\/wp-json\/wp\/v2\/pages\/278\/revisions"}],"predecessor-version":[{"id":420,"href":"https:\/\/www.originalycreativo.es\/blog\/wp-json\/wp\/v2\/pages\/278\/revisions\/420"}],"wp:featuredmedia":[{"embeddable":true,"href":"https:\/\/www.originalycreativo.es\/blog\/wp-json\/wp\/v2\/media\/329"}],"wp:attachment":[{"href":"https:\/\/www.originalycreativo.es\/blog\/wp-json\/wp\/v2\/media?parent=278"}],"curies":[{"name":"wp","href":"https:\/\/api.w.org\/{rel}","templated":true}]}}